{"id":87,"date":"2013-01-13T00:17:51","date_gmt":"2013-01-12T23:17:51","guid":{"rendered":"http:\/\/grennvall.se\/wp\/?page_id=87"},"modified":"2016-08-28T20:01:24","modified_gmt":"2016-08-28T19:01:24","slug":"press","status":"publish","type":"page","link":"https:\/\/grennvall.se\/wp\/press\/","title":{"rendered":"Press"},"content":{"rendered":"<p>Pressfoton f\u00f6r nedladdning:<\/p>\n<table>\n<tbody>\n<tr>\n<td><span class=\"Apple-style-span\"><a href=\"http:\/\/systerforlag.se\/wp-content\/uploads\/2014\/04\/grennvall_MG_7997.jpg\" target=\"_blank\"><img loading=\"lazy\" decoding=\"async\" class=\"alignnone size-medium wp-image-677\" src=\"https:\/\/grennvall.se\/wp\/wp-content\/uploads\/2016\/08\/grennvall_MG_7997-300x200.jpg\" alt=\"grennvall_MG_7997\" width=\"300\" height=\"200\" srcset=\"https:\/\/grennvall.se\/wp\/wp-content\/uploads\/2016\/08\/grennvall_MG_7997-300x200.jpg 300w, https:\/\/grennvall.se\/wp\/wp-content\/uploads\/2016\/08\/grennvall_MG_7997-768x512.jpg 768w, https:\/\/grennvall.se\/wp\/wp-content\/uploads\/2016\/08\/grennvall_MG_7997-230x153.jpg 230w, https:\/\/grennvall.se\/wp\/wp-content\/uploads\/2016\/08\/grennvall_MG_7997-350x233.jpg 350w, https:\/\/grennvall.se\/wp\/wp-content\/uploads\/2016\/08\/grennvall_MG_7997-480x320.jpg 480w, https:\/\/grennvall.se\/wp\/wp-content\/uploads\/2016\/08\/grennvall_MG_7997.jpg 800w\" sizes=\"auto, (max-width: 300px) 100vw, 300px\" \/><\/a><br \/>\n<a title=\"h\u00f6guppl\u00f6st bild\" href=\"http:\/\/systerforlag.se\/wp-content\/uploads\/2014\/04\/grennvall_MG_7997.jpg\" target=\"_blank\">Ladda ner h\u00f6guppl\u00f6st bild h\u00e4r.<\/a><br \/>\nFoto: Sara Appelgren<\/span><\/td>\n<td><span class=\"Apple-style-span\"><a href=\"http:\/\/systerforlag.se\/wp-content\/uploads\/2014\/04\/grennvall_MG_8172sv.jpg\" target=\"_blank\"><img loading=\"lazy\" decoding=\"async\" class=\"alignnone size-medium wp-image-676\" src=\"https:\/\/grennvall.se\/wp\/wp-content\/uploads\/2016\/08\/grennvall_MG_8172sv-300x200.jpg\" alt=\"grennvall_MG_8172sv\" width=\"300\" height=\"200\" srcset=\"https:\/\/grennvall.se\/wp\/wp-content\/uploads\/2016\/08\/grennvall_MG_8172sv-300x200.jpg 300w, https:\/\/grennvall.se\/wp\/wp-content\/uploads\/2016\/08\/grennvall_MG_8172sv-768x512.jpg 768w, https:\/\/grennvall.se\/wp\/wp-content\/uploads\/2016\/08\/grennvall_MG_8172sv-230x153.jpg 230w, https:\/\/grennvall.se\/wp\/wp-content\/uploads\/2016\/08\/grennvall_MG_8172sv-350x233.jpg 350w, https:\/\/grennvall.se\/wp\/wp-content\/uploads\/2016\/08\/grennvall_MG_8172sv-480x320.jpg 480w, https:\/\/grennvall.se\/wp\/wp-content\/uploads\/2016\/08\/grennvall_MG_8172sv.jpg 800w\" sizes=\"auto, (max-width: 300px) 100vw, 300px\" \/><\/a><br \/>\n<a title=\"h\u00f6guppl\u00f6st bild\" href=\"http:\/\/systerforlag.se\/wp-content\/uploads\/2014\/04\/grennvall_MG_8172sv.jpg\" target=\"_blank\">Ladda ner h\u00f6guppl\u00f6st bild h\u00e4r.<\/a><br \/>\nFoto: Sara Appelgren<\/span><\/td>\n<\/tr>\n<tr>\n<td><span class=\"Apple-style-span\"><a href=\"http:\/\/systerforlag.se\/wp-content\/uploads\/2014\/04\/grennvall_MG_8270_A5.jpg\" target=\"_blank\"><img loading=\"lazy\" decoding=\"async\" class=\"alignnone size-medium wp-image-675\" src=\"https:\/\/grennvall.se\/wp\/wp-content\/uploads\/2016\/08\/grennvall_MG_8270_A5-215x300.jpg\" alt=\"grennvall_MG_8270_A5\" width=\"215\" height=\"300\" srcset=\"https:\/\/grennvall.se\/wp\/wp-content\/uploads\/2016\/08\/grennvall_MG_8270_A5-215x300.jpg 215w, https:\/\/grennvall.se\/wp\/wp-content\/uploads\/2016\/08\/grennvall_MG_8270_A5-230x322.jpg 230w, https:\/\/grennvall.se\/wp\/wp-content\/uploads\/2016\/08\/grennvall_MG_8270_A5-350x490.jpg 350w, https:\/\/grennvall.se\/wp\/wp-content\/uploads\/2016\/08\/grennvall_MG_8270_A5-480x671.jpg 480w, https:\/\/grennvall.se\/wp\/wp-content\/uploads\/2016\/08\/grennvall_MG_8270_A5.jpg 572w\" sizes=\"auto, (max-width: 215px) 100vw, 215px\" \/><\/a><br \/>\n<a title=\"h\u00f6guppl\u00f6st bild\" href=\"http:\/\/systerforlag.se\/wp-content\/uploads\/2014\/04\/grennvall_MG_8270_A5.jpg\" target=\"_blank\">Ladda ner h\u00f6guppl\u00f6st bild h\u00e4r.<\/a><br \/>\nFoto: Sara Appelgren\u00a0<\/span><\/td>\n<td><\/td>\n<\/tr>\n<tr>\n<td><span class=\"Apple-style-span\"><a href=\"http:\/\/www.grennvall.se\/pressbilder\/grennvall_2527.jpg\"><img loading=\"lazy\" decoding=\"async\" class=\"alignnone size-full wp-image-433\" src=\"https:\/\/grennvall.se\/wp\/wp-content\/uploads\/2013\/01\/grennvall_2527-mini.jpg\" alt=\"grennvall_2527-mini\" width=\"200\" height=\"300\" \/><\/a><br \/>\n<a title=\"h\u00f6guppl\u00f6st bild\" href=\"http:\/\/www.grennvall.se\/pressbilder\/grennvall_2527.jpg\" target=\"_blank\">Ladda ner h\u00f6guppl\u00f6st bild h\u00e4r.<\/a><br \/>\nFoto: Sara Appelgren<\/span><\/td>\n<td valign=\"top\"><span class=\"Apple-style-span\"><a href=\"http:\/\/www.grennvall.se\/pressbilder\/grennvall_2589sv.jpg\"><img loading=\"lazy\" decoding=\"async\" class=\"alignnone size-full wp-image-435\" src=\"https:\/\/grennvall.se\/wp\/wp-content\/uploads\/2013\/01\/grennvall_2589sv-mini.jpg\" alt=\"grennvall_2589sv-mini\" width=\"300\" height=\"200\" \/><\/a><br \/>\n<a title=\"h\u00f6guppl\u00f6st bild\" href=\"http:\/\/www.grennvall.se\/pressbilder\/grennvall_2589sv.jpg\" target=\"_blank\">Ladda ner h\u00f6guppl\u00f6st bild h\u00e4r.<\/a><br \/>\nFoto: Sara Appelgren<\/span><\/td>\n<\/tr>\n<\/tbody>\n<\/table>\n ","protected":false},"excerpt":{"rendered":"<p>Pressfoton f\u00f6r nedladdning: Ladda ner h\u00f6guppl\u00f6st bild h\u00e4r. Foto: Sara Appelgren Ladda ner h\u00f6guppl\u00f6st bild h\u00e4r. Foto: Sara Appelgren Ladda ner h\u00f6guppl\u00f6st [&hellip;]<\/p>\n","protected":false},"author":1,"featured_media":0,"parent":0,"menu_order":0,"comment_status":"closed","ping_status":"open","template":"","meta":{"footnotes":""},"class_list":["post-87","page","type-page","status-publish","hentry"],"_links":{"self":[{"href":"https:\/\/grennvall.se\/wp\/wp-json\/wp\/v2\/pages\/87","targetHints":{"allow":["GET"]}}],"collection":[{"href":"https:\/\/grennvall.se\/wp\/wp-json\/wp\/v2\/pages"}],"about":[{"href":"https:\/\/grennvall.se\/wp\/wp-json\/wp\/v2\/types\/page"}],"author":[{"embeddable":true,"href":"https:\/\/grennvall.se\/wp\/wp-json\/wp\/v2\/users\/1"}],"replies":[{"embeddable":true,"href":"https:\/\/grennvall.se\/wp\/wp-json\/wp\/v2\/comments?post=87"}],"version-history":[{"count":38,"href":"https:\/\/grennvall.se\/wp\/wp-json\/wp\/v2\/pages\/87\/revisions"}],"predecessor-version":[{"id":679,"href":"https:\/\/grennvall.se\/wp\/wp-json\/wp\/v2\/pages\/87\/revisions\/679"}],"wp:attachment":[{"href":"https:\/\/grennvall.se\/wp\/wp-json\/wp\/v2\/media?parent=87"}],"curies":[{"name":"wp","href":"https:\/\/api.w.org\/{rel}","templated":true}]}}